{"id":56651,"date":"2023-01-09T12:50:13","date_gmt":"2023-01-09T17:50:13","guid":{"rendered":"https:\/\/asclivingcenters.com\/fr\/?page_id=56651"},"modified":"2023-01-13T11:54:30","modified_gmt":"2023-01-13T16:54:30","slug":"social-media-terms","status":"publish","type":"page","link":"https:\/\/asclivingcenters.com\/fr\/social-media-terms\/","title":{"rendered":"Conditions d&rsquo;Utilisation des M\u00e9dias Sociaux"},"content":{"rendered":"<h2>ALL SENIORS CARE \u2013 CONDITIONS D&rsquo;UTILISATION DES M\u00c9DIAS SOCIAUX<\/h2>\n<p>Ce document contient les conditions d&rsquo;utilisation des m\u00e9dias sociaux pour les Centres All Seniors Care Living Centres Inc. (\u201cASC\u201d).\u00a0 Ces conditions s&rsquo;appliquent chaque fois que vous interagissez avec ASC sur la page Facebook d&rsquo;ASC, le compte Twitter @AllSeniorsCare, la cha\u00eene YouTube d&rsquo;ASC, le compte Flickr All Seniors Care et tout autre site ou service de m\u00e9dias sociaux Internet utilis\u00e9 par ASC (collectivement, les \u00ab\u00a0canaux de m\u00e9dias sociaux\u00a0\u00bb). Votre utilisation des canaux de m\u00e9dias sociaux d&rsquo;ASC est soumise aux pr\u00e9sentes Conditions, ainsi qu&rsquo;aux conditions d&rsquo;utilisation de la plateforme sociale \u00e0 partir de laquelle vous avez acc\u00e9d\u00e9 aux pr\u00e9sentes Conditions.<\/p>\n<p>Les canaux de m\u00e9dias sociaux d&rsquo;ASC sont des canaux de m\u00e9dias sociaux permettant aux membres de la communaut\u00e9 de se connecter et d&rsquo;en apprendre davantage sur l&rsquo;ASC par le biais d&rsquo;informations, de photos et de vid\u00e9os concernant nos initiatives et nos programmes. Notre objectif est de fournir un contenu utile et int\u00e9ressant sur l&rsquo;ASC et nos r\u00e9sidences, et de favoriser un dialogue ouvert et respectueux concernant les sujets sp\u00e9cifiques couverts dans nos messages et tweets et autres multim\u00e9dias.<\/p>\n<p>ASC se r\u00e9serve tous les droits relatifs \u00e0 nos canaux de m\u00e9dias sociaux, y compris, mais sans s&rsquo;y limiter\u00a0: (i) l&rsquo;ajout, la suppression ou la modification de tout contenu, (ii) le blocage des utilisateurs perturbateurs\u00a0; et (iii) interrompre l&rsquo;un de nos canaux de m\u00e9dias sociaux \u00e0 tout moment. ASC ne garantit pas que les informations sur les canaux de m\u00e9dias sociaux d&rsquo;ASC sont exactes, compl\u00e8tes, fiables, utiles, opportunes ou \u00e0 jour. Vous lisez tout le contenu \u00e0 vos risques et p\u00e9rils. Ne vous fiez pas aux informations ou aux conseils contenus dans ces publications.<\/p>\n<p>ASC peut, \u00e0 sa seule discr\u00e9tion, supprimer le contenu qu&rsquo;il juge inappropri\u00e9, r\u00e9pr\u00e9hensible ou incompatible avec l&rsquo;objectif de nos canaux de m\u00e9dias sociaux\u00a0; \u00e0 savoir, la diffusion et le partage de contenu appropri\u00e9 sur le sujet. Dans la mesure applicable, ASC se r\u00e9serve le droit de bloquer et\/ou de signaler tout utilisateur qui ne respecte pas ces Conditions. Voici des exemples de messages inappropri\u00e9s, r\u00e9pr\u00e9hensibles ou hors sujet\u00a0:<\/p>\n<ul>\n<li>Commentaires faux, diffamatoires, malveillants, obsc\u00e8nes, intimidants, discriminatoires, harcelants ou mena\u00e7ants ou propagande haineuse, dirig\u00e9s contre tout individu, communaut\u00e9, entreprise, organisation ou groupe identifiable, y compris l&rsquo;ASC, son personnel et les r\u00e9sidents des installations de l&rsquo;ASC ou leurs membres de la famille ou connaissances.<\/li>\n<li>Les messages qui enfreignent les droits \u00e0 la vie priv\u00e9e de toute personne ou qui contiennent des informations personnelles de toute nature, dont l&rsquo;adresse courriel, le num\u00e9ro de t\u00e9l\u00e9phone, le num\u00e9ro d&rsquo;assurance sociale ou les informations personnelles sur la sant\u00e9 de toute autre personne.<\/li>\n<li>Menaces ou appels \u00e0 la violence de toute sorte.<\/li>\n<li>Activit\u00e9s, messages ou contenu qui enfreignent toute loi ou r\u00e8glement.<\/li>\n<li>Tenter de cibler ASC ou les abonn\u00e9s d&rsquo;ASC sur n&rsquo;importe quel canal de m\u00e9dias sociaux (\u00ab\u00a0abonn\u00e9s ASC\u00a0\u00bb) pour offrir des biens ou des services, de nature commerciale ou priv\u00e9e, ou recruter des fans, des abonn\u00e9s ou des membres de groupes.<\/li>\n<li>Pourriel dirig\u00e9 vers ASC ou tout abonn\u00e9 ASC, y compris toute forme de contenu g\u00e9n\u00e9r\u00e9 automatiquement ou la publication r\u00e9p\u00e9t\u00e9e du m\u00eame contenu.<\/li>\n<li>Contenu faux ou trompeur.<\/li>\n<li>Toute violation potentielle ou r\u00e9elle des droits de propri\u00e9t\u00e9 intellectuelle, y compris, mais sans s&rsquo;y limiter, les noms de marque, les appellations commerciales, les logos, les droits d&rsquo;auteur ou les secrets commerciaux de toute personne, entreprise ou lieu.<\/li>\n<li>Tout autre contenu jug\u00e9 hors sujet ou perturbant les objectifs de la cha\u00eene, ses abonn\u00e9s et son sens de la communaut\u00e9 et de l&rsquo;acceptation\u00a0; et\/ou<\/li>\n<li>Contenu publi\u00e9 par de faux utilisateurs ou des utilisateurs anonymes.<\/li>\n<\/ul>\n<p>Nos canaux de m\u00e9dias sociaux ne sont pas l&rsquo;endroit appropri\u00e9 pour r\u00e9soudre les probl\u00e8mes, les plaintes ou les suggestions concernant les exp\u00e9riences individuelles avec ASC ou nos installations. Cela ne signifie pas que nous ne voulons pas entendre parler de ces probl\u00e8mes, mais ces types de pr\u00e9occupations sont mieux trait\u00e9s par des repr\u00e9sentants form\u00e9s. Si vous souhaitez partager des commentaires ou des remarques en dehors du champ d&rsquo;application de ces canaux, vous pouvez envoyer un message via l&rsquo;onglet \u00ab\u00a0Contactez-nous\u00a0\u00bb sur AllSeniorsCare.com<\/p>\n<p>Veuillez garder \u00e0 l&rsquo;esprit que l&rsquo;ASC ne cr\u00e9e, ne contr\u00f4le, ne repr\u00e9sente ni n&rsquo;approuve les opinions ou d\u00e9clarations exprim\u00e9es par d&rsquo;autres sur ses canaux de m\u00e9dias sociaux, y compris celles qui \u00ab suivent \u00bb ou \u00ab aiment \u00bb l&rsquo;ASC et celles qui sont \u00ab suivies \u00bb ou \u00ab aim\u00e9es \u00bb par ASC, et que tout contenu publi\u00e9 par une personne autre qu&rsquo;ASC rel\u00e8ve de la responsabilit\u00e9 de l&rsquo;auteur et non d&rsquo;ASC. Les liens qui vous font sortir de nos canaux de m\u00e9dias sociaux, sites Web et actifs num\u00e9riques ne sont pas sous le contr\u00f4le d&rsquo;ASC, et ASC n&rsquo;est pas responsable des termes et conditions, de la politique de confidentialit\u00e9 ou du contenu de ces sites ou de tout autre lien \u00e0 partir de ces sites. ASC vous fournit ces liens uniquement pour votre commodit\u00e9, et l&rsquo;inclusion de tout lien n&rsquo;implique pas l&rsquo;approbation du site li\u00e9 par ASC. De plus, n&rsquo;oubliez pas que si ASC \u00ab\u00a0suit\u00a0\u00bb le compte d&rsquo;un autre utilisateur, \u00ab\u00a0aime\u00a0\u00bb une autre page, retweete, \u00ab\u00a0un favori\u00a0\u00bb, partage ou republie le contenu d&rsquo;un autre utilisateur, une telle action ne constitue pas une approbation.<\/p>\n<p>Vous devez comprendre que le contenu que vous soumettez \u00e0 nos canaux de m\u00e9dias sociaux est public et ne placera ASC sous aucune obligation envers vous. Cela signifie qu&rsquo;ASC est libre de divulguer et d&rsquo;utiliser les id\u00e9es contenues dans le contenu des canaux de m\u00e9dias sociaux sur une base non confidentielle \u00e0 quiconque sans aucune responsabilit\u00e9 envers vous. Vous ne devez pas non plus utiliser les r\u00e9seaux sociaux d&rsquo;ASC pour soumettre des id\u00e9es non sollicit\u00e9es. G\u00e9n\u00e9ralement, nous ne les acceptons pas, et si vous en soumettez &#8211; par exemple en les publiant &#8211; vous devez comprendre que vous n&rsquo;avez pas de droits de propri\u00e9t\u00e9 sur ces id\u00e9es, que nous ne vous compenserons ni ne vous r\u00e9compenserons, et que nous ne renon\u00e7ons \u00e0 aucun droit d&rsquo;utiliser des id\u00e9es similaires ou connexes que nous connaissions auparavant, d\u00e9velopp\u00e9es par nos employ\u00e9s ou obtenues d&rsquo;autres sources. Vous acceptez qu&rsquo;en publiant du contenu sur nos canaux de m\u00e9dias sociaux, vous nous accordez une licence mondiale, non exclusive et libre de droits (avec le droit de sous-licencier) pour utiliser, copier, reproduire, traiter, adapter, modifier, publier, transmettre et afficher et distribuer ce contenu dans tous les m\u00e9dias ou m\u00e9thodes de distribution connus ou d\u00e9velopp\u00e9s ult\u00e9rieurement. De plus, en soumettant du contenu, vous d\u00e9clarez et garantissez \u00e0 ASC que vous \u00eates le seul propri\u00e9taire du contenu et que l&rsquo;utilisation du contenu par ASC ne violera pas les droits d&rsquo;un tiers, y compris, mais sans s&rsquo;y limiter, les droits d&rsquo;auteur\u00a0; et que vous d\u00e9fendrez et tiendrez ASC non responsable de toute r\u00e9clamation en d\u00e9coulant. En soumettant du contenu, vous renoncez \u00e0 tout droit d&rsquo;inspecter ou d&rsquo;approuver de telles utilisations et acceptez de d\u00e9gager ASC et toutes les autres personnes identifi\u00e9es ci-dessus de toute r\u00e9clamation que vous, vos h\u00e9ritiers, ex\u00e9cuteurs testamentaires ou ayants droit pourraient \u00e0 tout moment avoir contre ASC en raison de l&rsquo;octroi de la licence ou d\u00e9coulant de l&rsquo;utilisation du contenu par ASC.<\/p>\n<p>Cette page est destin\u00e9e \u00e0 un public mondial. Toutes les conditions g\u00e9n\u00e9rales applicables de Facebook, Twitter, YouTube, TikTok et de tout autre canal de m\u00e9dias sociaux sur lequel ASC maintient une pr\u00e9sence ou un compte s&rsquo;appliquent, respectivement.<\/p>\n","protected":false},"excerpt":{"rendered":"<p>ALL SENIORS CARE \u2013 CONDITIONS D&rsquo;UTILISATION DES M\u00c9DIAS SOCIAUX Ce document contient les conditions d&rsquo;utilisation des m\u00e9dias sociaux pour les <\/p>\n<p> <a class=\"link-read-article tp-button\" href=\"https:\/\/asclivingcenters.com\/fr\/social-media-terms\/\">read more<\/a><\/p>\n","protected":false},"author":8,"featured_media":0,"parent":0,"menu_order":0,"comment_status":"closed","ping_status":"closed","template":"","meta":{"footnotes":""},"acf":[],"_links":{"self":[{"href":"https:\/\/asclivingcenters.com\/fr\/wp-json\/wp\/v2\/pages\/56651"}],"collection":[{"href":"https:\/\/asclivingcenters.com\/fr\/wp-json\/wp\/v2\/pages"}],"about":[{"href":"https:\/\/asclivingcenters.com\/fr\/wp-json\/wp\/v2\/types\/page"}],"author":[{"embeddable":true,"href":"https:\/\/asclivingcenters.com\/fr\/wp-json\/wp\/v2\/users\/8"}],"replies":[{"embeddable":true,"href":"https:\/\/asclivingcenters.com\/fr\/wp-json\/wp\/v2\/comments?post=56651"}],"version-history":[{"count":4,"href":"https:\/\/asclivingcenters.com\/fr\/wp-json\/wp\/v2\/pages\/56651\/revisions"}],"predecessor-version":[{"id":56727,"href":"https:\/\/asclivingcenters.com\/fr\/wp-json\/wp\/v2\/pages\/56651\/revisions\/56727"}],"wp:attachment":[{"href":"https:\/\/asclivingcenters.com\/fr\/wp-json\/wp\/v2\/media?parent=56651"}],"curies":[{"name":"wp","href":"https:\/\/api.w.org\/{rel}","templated":true}]}}